{"id":436,"date":"2024-03-12T11:21:02","date_gmt":"2024-03-12T11:21:02","guid":{"rendered":"https:\/\/frp.martinstojanovski.com\/?page_id=436"},"modified":"2024-05-11T21:30:58","modified_gmt":"2024-05-11T21:30:58","slug":"albanian","status":"publish","type":"page","link":"https:\/\/frp.mk\/en\/albanian\/","title":{"rendered":"Albanian"},"content":{"rendered":"\t\t<div data-elementor-type=\"wp-page\" data-elementor-id=\"436\" class=\"elementor elementor-436\" data-elementor-post-type=\"page\">\n\t\t\t\t\t\t<section class=\"elementor-section elementor-top-section elementor-element elementor-element-03d4609 elementor-section-height-min-height elementor-section-boxed elementor-section-height-default elementor-section-items-middle\" data-id=\"03d4609\" data-element_type=\"section\" data-settings=\"{&quot;jet_parallax_layout_list&quot;:[],&quot;background_background&quot;:&quot;classic&quot;}\">\n\t\t\t\t\t\t<div class=\"elementor-container elementor-column-gap-default\">\n\t\t\t\t\t<div class=\"elementor-column elementor-col-100 elementor-top-column elementor-element elementor-element-54c626e\" data-id=\"54c626e\" data-element_type=\"column\">\n\t\t\t<div class=\"elementor-widget-wrap elementor-element-populated\">\n\t\t\t\t\t\t<div class=\"elementor-element elementor-element-50d1500 elementor-widget elementor-widget-heading\" data-id=\"50d1500\" data-element_type=\"widget\" data-widget_type=\"heading.default\">\n\t\t\t\t<div class=\"elementor-widget-container\">\n\t\t\t\t\t<h1 class=\"elementor-heading-title elementor-size-default\">Forumi i politikave t\u00eb arsyeshme.<\/h1>\t\t\t\t<\/div>\n\t\t\t\t<\/div>\n\t\t\t\t\t<\/div>\n\t\t<\/div>\n\t\t\t\t\t<\/div>\n\t\t<\/section>\n\t\t\t\t<section class=\"elementor-section elementor-top-section elementor-element elementor-element-dcfb0a7 elementor-section-boxed elementor-section-height-default elementor-section-height-default\" data-id=\"dcfb0a7\" data-element_type=\"section\" data-settings=\"{&quot;jet_parallax_layout_list&quot;:[]}\">\n\t\t\t\t\t\t<div class=\"elementor-container elementor-column-gap-default\">\n\t\t\t\t\t<div class=\"elementor-column elementor-col-100 elementor-top-column elementor-element elementor-element-c4df3e3\" data-id=\"c4df3e3\" data-element_type=\"column\">\n\t\t\t<div class=\"elementor-widget-wrap elementor-element-populated\">\n\t\t\t\t\t\t<div class=\"elementor-element elementor-element-4754f0c elementor-widget elementor-widget-text-editor\" data-id=\"4754f0c\" data-element_type=\"widget\" data-widget_type=\"text-editor.default\">\n\t\t\t\t<div class=\"elementor-widget-container\">\n\t\t\t\t\t\t\t\t\t<p>Forumi i politikave t\u00eb arsyeshme \u00ebsht\u00eb organizat\u00eb ekspert\u00ebsh (think-tenk),\u00a0e themeluar n\u00eb vitin 2017 me q\u00ebllim t\u00eb:<\/p><p>\u2022Krijimit t\u00eb baz\u00ebs p\u00ebr zhvillim t\u00eb q\u00ebndruesh\u00ebm n\u00eb fush\u00ebn e demokracis\u00eb, kultur\u00ebs dhe<span class=\"Y2IQFc\" lang=\"sq\">\u00a0arsimit<\/span>;<\/p><p>\u2022 Promovimit t\u00eb shoq\u00ebris\u00eb q\u00eb bazohet n\u00eb arsyen, si baz\u00eb m\u00eb e q\u00ebndrueshme p\u00ebr nd\u00ebrtimin e politikave t\u00eb p\u00ebrbashk\u00ebta;<\/p><p>\u2022 V\u00ebnies n\u00eb qarkullim (lansimin) e platform\u00ebs p\u00ebr afirmimin e parimeve dhe politikave reale, t\u00eb prekshme, t\u00eb mir\u00ebkuptuara, pa marr\u00eb parasysh a jan\u00eb t\u00eb njohura dhe t\u00eb p\u00ebrdit\u00ebsuara n\u00eb \u00e7astin e shqiptimit t\u00eb tyre;<\/p><p>\u2022 Kund\u00ebrshtimit t\u00eb kompromiseve dhe konsensusit t\u00eb rrem\u00eb q\u00eb ofrojn\u00eb zgjidhje p\u00ebr qet\u00ebsimin e situat\u00ebs, nd\u00ebrkaq n\u00eb thelb thellojn\u00eb ndarjet n\u00eb shoq\u00ebri dhe k\u00ebrc\u00ebnojn\u00eb p\u00ebrparimin afatgjat\u00eb;<\/p><p>\u2022 Sfidimit dhe rishqyrtimit n\u00eb m\u00ebnyr\u00eb kritike t\u00eb pozicioneve, t\u00eb politikave dhe t\u00eb q\u00ebndrimeve t\u00eb \u00e7do institucioni politik dhe ekonomik, ve\u00e7an\u00ebrisht t\u00eb atyre q\u00eb jan\u00eb jodemokratike ose demokratike problematike.<\/p>\t\t\t\t\t\t\t\t<\/div>\n\t\t\t\t<\/div>\n\t\t\t\t\t<\/div>\n\t\t<\/div>\n\t\t\t\t\t<\/div>\n\t\t<\/section>\n\t\t\t\t<\/div>\n\t\t","protected":false},"excerpt":{"rendered":"<p>Forumi i politikave t\u00eb arsyeshme. Forumi i politikave t\u00eb arsyeshme \u00ebsht\u00eb organizat\u00eb ekspert\u00ebsh (think-tenk),\u00a0e themeluar n\u00eb vitin 2017 me q\u00ebllim t\u00eb: \u2022Krijimit t\u00eb baz\u00ebs p\u00ebr zhvillim t\u00eb q\u00ebndruesh\u00ebm n\u00eb fush\u00ebn e demokracis\u00eb, kultur\u00ebs dhe\u00a0arsimit; \u2022 Promovimit t\u00eb shoq\u00ebris\u00eb q\u00eb bazohet n\u00eb arsyen, si baz\u00eb m\u00eb e q\u00ebndrueshme p\u00ebr nd\u00ebrtimin e politikave t\u00eb p\u00ebrbashk\u00ebta; \u2022 V\u00ebnies [&hellip;]<\/p>\n","protected":false},"author":1,"featured_media":0,"parent":0,"menu_order":0,"comment_status":"closed","ping_status":"closed","template":"elementor_header_footer","meta":{"footnotes":""},"class_list":["post-436","page","type-page","status-publish","hentry"],"_links":{"self":[{"href":"https:\/\/frp.mk\/en\/wp-json\/wp\/v2\/pages\/436","targetHints":{"allow":["GET"]}}],"collection":[{"href":"https:\/\/frp.mk\/en\/wp-json\/wp\/v2\/pages"}],"about":[{"href":"https:\/\/frp.mk\/en\/wp-json\/wp\/v2\/types\/page"}],"author":[{"embeddable":true,"href":"https:\/\/frp.mk\/en\/wp-json\/wp\/v2\/users\/1"}],"replies":[{"embeddable":true,"href":"https:\/\/frp.mk\/en\/wp-json\/wp\/v2\/comments?post=436"}],"version-history":[{"count":19,"href":"https:\/\/frp.mk\/en\/wp-json\/wp\/v2\/pages\/436\/revisions"}],"predecessor-version":[{"id":1060,"href":"https:\/\/frp.mk\/en\/wp-json\/wp\/v2\/pages\/436\/revisions\/1060"}],"wp:attachment":[{"href":"https:\/\/frp.mk\/en\/wp-json\/wp\/v2\/media?parent=436"}],"curies":[{"name":"wp","href":"https:\/\/api.w.org\/{rel}","templated":true}]}}